{"id":42016,"date":"2021-09-01T11:23:51","date_gmt":"2021-09-01T09:23:51","guid":{"rendered":"https:\/\/www.getsmarter.com\/blog\/?page_id=42016"},"modified":"2021-09-16T12:40:21","modified_gmt":"2021-09-16T10:40:21","slug":"cookie-policy-spanish","status":"publish","type":"page","link":"https:\/\/www.getsmarter.com\/blog\/cookie-policy-spanish\/","title":{"rendered":"Pol\u00edtica de Cookies de GetSmarter"},"content":{"rendered":"\n<p><strong>Fecha de la \u00faltima modificaci\u00f3n<\/strong>: Julio 2021<br \/><br \/>Lea atentamente lo siguiente para comprender c\u00f3mo GetSmarter (\u201cGetSmarter\u201d, \u201cnosotros\u201d o las inflexiones de primera persona del plural que correspondan), compa\u00f1\u00eda de propiedad y operada por 2U, Inc., utiliza Cookies y otras tecnolog\u00edas de seguimiento cuando usted visita GetSmarter.com y los sitios web, las aplicaciones y los entornos de aprendizaje virtual\/las plataformas de campus virtual asociados de GetSmarter (mencionados en forma conjunta como \u201cSitios Web\u201d). Al usar o acceder a nuestros Sitios Web, usted acepta esta Pol\u00edtica de Cookies. Esta Pol\u00edtica de Cookies podr\u00e1 cambiar ocasionalmente y su uso continuo de los Sitios Web se considerar\u00e1 como la aceptaci\u00f3n de dichos cambios. Consulte esta Pol\u00edtica de Cookies peri\u00f3dicamente para conocer las actualizaciones.<\/p>\n\n\n\n<h1>Gu\u00eda r\u00e1pida a los contenidos<\/h1>\n<ul>\n<li><a href=\"#one\">\u00bfQu\u00e9 son las Cookies?<\/a><\/li>\n<li><a href=\"#two\">C\u00f3mo puede controlar o eliminar Cookies<\/a><\/li>\n<li><a href=\"#three\">Control a trav\u00e9s de la configuraci\u00f3n de su navegador<\/a><\/li>\n<li><a href=\"#four\">Mecanismos adicionales para ejercer la elecci\u00f3n<\/a><\/li>\n<li><a href=\"#five\">Tipos de Cookies utilizadas por GetSmarter<\/a><\/li>\n<li><a href=\"#six\">Preguntas\/Cont\u00e1ctenos<\/a><\/li>\n<\/ul>\n\n\n\n<h1 id=\"one\">1. \u00bfQu\u00e9 son las Cookies?<\/h1>\n<p>Las Cookies, etiquetas de p\u00edxeles y tecnolog\u00edas similares (conjuntamente, \u201cCookies\u201d) son archivos que contienen peque\u00f1as cantidades de informaci\u00f3n que su navegador almacena en cualquier dispositivo con internet, como su computadora, tel\u00e9fono inteligente o tableta, cuando visita un sitio web. La mayor\u00eda de las p\u00e1ginas web contienen elementos de m\u00faltiples dominios web, por lo tanto, cuando visita nuestros Sitios Web, su navegador podr\u00e1 recibir Cookies de varias fuentes.<\/p>\n<p>Luego, las Cookies se devuelven al sitio web de origen en cada visita posterior, o a otro sitio web que reconozca esa cookie. Las Cookies realizan muchas tareas diferentes y \u00fatiles, como recordar sus acciones y preferencias (como inicio de sesi\u00f3n, idioma, tama\u00f1o de fuente y otras preferencias de visualizaci\u00f3n), distinguirlo de otros usuarios de los Sitios Web, mejorar generalmente su experiencia en l\u00ednea y ayudarnos a ofrecerle los mejores productos y servicios. Utilizamos Cookies y otras tecnolog\u00edas de seguimiento para garantizar que quienes visitan nuestros Sitios Web tengan la mejor experiencia posible y para proporcionar publicidad dirigida.<br \/>Existen muchos tipos diferentes de Cookies. Para obtener una lista detallada de las Cookies utilizadas en nuestros Sitios Web, consulte la secci\u00f3n a continuaci\u00f3n sobre \u00bfQu\u00e9 tipos de Cookies utilizamos?<\/p>\n<h1 id=\"two\">2. C\u00f3mo puede controlar o eliminar Cookies<\/h1>\n<p><span style=\"font-weight: 400;\">Le proporcionamos varias maneras de administrar las Cookies:<\/span><\/p>\n<ul>\n<li style=\"font-weight: 400;\" aria-level=\"1\"><span style=\"font-weight: 400;\">Usted podr\u00e1 negarse a dar su consentimiento para nuestra recopilaci\u00f3n de Cookies no esenciales a trav\u00e9s del aviso sobre cookies que aparece en los Sitios Web, seg\u00fan corresponda.<\/span><\/li>\n<li style=\"font-weight: 400;\" aria-level=\"1\"><span style=\"font-weight: 400;\">Podr\u00e1 deshabilitar las Cookies de origen o de terceros mediante el uso de la configuraci\u00f3n de su navegador.<\/span><\/li>\n<li style=\"font-weight: 400;\" aria-level=\"1\"><span style=\"font-weight: 400;\">Podr\u00e1 usar las herramientas de exclusi\u00f3n proporcionadas por la Alianza de Publicidad Digital (Digital Advertising Alliance, DAA), la Alianza Europea de Publicidad Digital Interactiva (European Interactive Digital Advertising Alliance, EDAA) o la Iniciativa Nacional de Publicidad (National Advertising Initiative, NAI).<\/span><\/li>\n<\/ul>\n<p><span style=\"font-weight: 400;\">Nuestras Cookies de rendimiento, funcionalidad y focalizaci\u00f3n\/publicidad no ser\u00e1n estrictamente necesarias para que los Sitios Web funcionen, pero le brindar\u00e1n una mejor experiencia de navegaci\u00f3n. Usted podr\u00e1 eliminar o bloquear estas Cookies, pero si lo hace, es posible que deba ajustar manualmente algunas preferencias cada vez que visite los Sitios Web y es posible que algunas caracter\u00edsticas de los Sitios Web no funcionen seg\u00fan lo previsto. Por ejemplo, es posible que no pueda visitar ciertas \u00e1reas de los Sitios Web o que no reciba informaci\u00f3n personalizada cuando visite nuestros Sitios Web.<\/span><\/p>\n<h3 id=\"three\">A. Control a trav\u00e9s de la configuraci\u00f3n de su navegador<\/h3>\n<p><span style=\"font-weight: 400;\">La mayor\u00eda de los navegadores de internet se configuran inicialmente para aceptar Cookies autom\u00e1ticamente. Si no desea que nuestro sitio web almacene Cookies en su computadora o dispositivo, podr\u00e1 cambiar o ajustar la configuraci\u00f3n de su navegador o dispositivo para bloquear las Cookies o para que le avise cuando se env\u00eden Cookies a su dispositivo.<\/span><\/p>\n<p><span style=\"font-weight: 400;\">Si utiliza diferentes dispositivos para ver y acceder a nuestros Sitios Web (p.\u00a0ej., su computadora, tel\u00e9fono inteligente, tableta, etc.), deber\u00e1 asegurarse de que cada navegador en cada dispositivo se ajuste a sus preferencias de Cookies.<\/span><\/p>\n<p><span style=\"font-weight: 400;\">Los procedimientos para cambiar la configuraci\u00f3n y las Cookies son diferentes seg\u00fan el navegador. Si es necesario, utilice la funci\u00f3n de ayuda de su navegador o haga clic en uno de los enlaces a continuaci\u00f3n para ir directamente al manual del usuario de su navegador.<\/span><\/p>\n<ul>\n<li style=\"font-weight: 400;\" aria-level=\"1\"><span style=\"font-weight: 400;\">Deshabilitar Cookies en Internet Explorer &gt;&gt;<\/span> <a href=\"https:\/\/support.microsoft.com\/en-us\/help\/17442\/windows-internet-explorer-delete-manage-cookies\" target=\"_blank\" rel=\"noopener\"><span style=\"font-weight: 400;\">Haga clic aqu\u00ed<\/span><\/a><\/li>\n<li style=\"font-weight: 400;\" aria-level=\"1\"><span style=\"font-weight: 400;\">Deshabilitar Cookies en Chrome &gt;&gt; <\/span><a href=\"https:\/\/support.google.com\/chrome\/answer\/95647?hl=en\" target=\"_blank\" rel=\"noopener\"><span style=\"font-weight: 400;\">Haga clic aqu\u00ed<\/span><\/a><\/li>\n<li style=\"font-weight: 400;\" aria-level=\"1\"><span style=\"font-weight: 400;\">Deshabilitar Cookies en Safari &gt;&gt; <\/span><a href=\"https:\/\/support.apple.com\/en-za\/guide\/mdm\/mdmf7d5714d4\/web\" target=\"_blank\" rel=\"noopener\"><span style=\"font-weight: 400;\">Haga clic aqu\u00ed<\/span><\/a><\/li>\n<li style=\"font-weight: 400;\" aria-level=\"1\"><span style=\"font-weight: 400;\">Deshabilitar Cookies en Firefox &gt;&gt; <\/span><a href=\"https:\/\/support.mozilla.org\/en-US\/kb\/enable-and-disable-cookies-website-preferences?redirectlocale=en-US&amp;redirectslug=Enabling+and+disabling+cookies\" target=\"_blank\" rel=\"noopener\"><span style=\"font-weight: 400;\">Haga clic aqu\u00ed<\/span><\/a><\/li>\n<li style=\"font-weight: 400;\" aria-level=\"1\"><span style=\"font-weight: 400;\">Deshabilitar Cookies en Safari IOS &gt;&gt; <\/span><a href=\"https:\/\/support.apple.com\/en-gb\/HT201265\" target=\"_blank\" rel=\"noopener\"><span style=\"font-weight: 400;\">Haga clic aqu\u00ed<\/span><\/a><\/li>\n<li style=\"font-weight: 400;\" aria-level=\"1\"><span style=\"font-weight: 400;\">Deshabilitar Cookies en Google Android &gt;&gt;<\/span> <a href=\"https:\/\/support.google.com\/chrome\/answer\/114662?hl=en&amp;ref_topic=3422740&amp;visit_id=1-636650043021695599-602656146&amp;rd=1\" target=\"_blank\" rel=\"noopener\"><span style=\"font-weight: 400;\">Haga clic aqu\u00ed<\/span><\/a><\/li>\n<\/ul>\n<p><span style=\"font-weight: 400;\">M\u00e1s informaci\u00f3n: Para obtener m\u00e1s informaci\u00f3n sobre las Cookies, incluso c\u00f3mo ver qu\u00e9 Cookies se han configurado y c\u00f3mo administrarlas y eliminarlas, visite <\/span><a href=\"http:\/\/www.aboutcookies.org\/\" target=\"_blank\" rel=\"noopener\"><span style=\"font-weight: 400;\">www.aboutcookies.org<\/span><\/a><span style=\"font-weight: 400;\"> o <\/span><a href=\"http:\/\/www.allaboutcookies.org\/\" target=\"_blank\" rel=\"noopener\"><span style=\"font-weight: 400;\">www.allaboutcookies.org<\/span><\/a><span style=\"font-weight: 400;\">.<\/span><\/p>\n<h3 id=\"four\">B. Mecanismos adicionales para ejercer la elecci\u00f3n<\/h3>\n<p><span style=\"font-weight: 400;\">Nosotros, u otras partes con las que hacemos negocios, podremos colocar o reconocer Cookies \u00fanicas colocadas en su navegador o usar otras tecnolog\u00edas de seguimiento cuando usted visite nuestros Sitios Web para recopilar informaci\u00f3n sobre su uso del Sitio Web y sus otras actividades en l\u00ednea a lo largo del tiempo y a trav\u00e9s de diferentes sitios web y aplicaciones, y podremos usar esa informaci\u00f3n para ofrecerle anuncios basados en intereses a medida que navegue por Internet.<\/span><\/p>\n<p><span style=\"font-weight: 400;\">Para obtener m\u00e1s informaci\u00f3n sobre sus opciones para recibir publicidad basada en intereses o para excluirse, revise la informaci\u00f3n a continuaci\u00f3n:<\/span><\/p>\n<ul>\n<li style=\"font-weight: 400;\" aria-level=\"1\"><b>FECHA<\/b><span style=\"font-weight: 400;\">: Para excluirse de dicha recopilaci\u00f3n y uso de publicidad basada en intereses por parte de las compa\u00f1\u00edas participantes de Digital Advertising Alliance (DAA), visite: <\/span><a href=\"https:\/\/www.aboutads.info\/choices\" target=\"_blank\" rel=\"noopener\"><span style=\"font-weight: 400;\">el sitio web de la DAA<\/span><\/a><\/li>\n<li style=\"font-weight: 400;\" aria-level=\"1\"><b>EDAA<\/b><span style=\"font-weight: 400;\">: Para excluirse del uso de informaci\u00f3n sobre sus actividades en l\u00ednea para publicidad basada en intereses por parte de compa\u00f1\u00edas miembro de la Alianza Europea de Publicidad Digital Interactiva (EDAA), visite: <\/span><a href=\"https:\/\/www.youronlinechoices.eu\/\" target=\"_blank\" rel=\"noopener\"><span style=\"font-weight: 400;\">el sitio web de la EDAA<\/span><\/a><\/li>\n<li style=\"font-weight: 400;\" aria-level=\"1\"><b>NAI<\/b><span style=\"font-weight: 400;\">: Para excluirse del uso de informaci\u00f3n sobre sus actividades en l\u00ednea para publicidad basada en intereses por parte de compa\u00f1\u00edas miembro de la Iniciativa Nacional de Publicidad (NAI), visite: <\/span><a href=\"https:\/\/www.networkadvertising.org\/choices\/\" target=\"_blank\" rel=\"noopener\"><span style=\"font-weight: 400;\">el sitio web de la NAI<\/span><\/a><\/li>\n<\/ul>\n<p><span style=\"font-weight: 400;\">Tenga en cuenta que, incluso si opta por excluirse, igual podr\u00e1 recibir anuncios de GetSmarter que no est\u00e9n personalizados en funci\u00f3n de las Cookies u otras tecnolog\u00edas de seguimiento.<\/span><\/p>\n<h2 id=\"five\">3. Tipos de Cookies utilizadas por GetSmarter<\/h2>\n<p><span style=\"font-weight: 400;\">Utilizaremos diferentes tipos de Cookies para ejecutar nuestros Sitios Web. Algunas o todas las Cookies identificadas a continuaci\u00f3n podr\u00e1n almacenarse en su navegador.<\/span><\/p>\n<table>\n<tbody>\n<tr>\n<td>\n<p><b>Tipo de Cookie<\/b><\/p>\n<\/td>\n<td>\n<p><b>Descripci\u00f3n<\/b><\/p>\n<\/td>\n<\/tr>\n<tr>\n<td>\n<p><span style=\"font-weight: 400;\">Cookies estrictamente necesarias<\/span><\/p>\n<\/td>\n<td>\n<p><span style=\"font-weight: 400;\">Las Cookies estrictamente necesarias son necesarias para el funcionamiento de nuestros Sitios Web. Estas Cookies son esenciales para ayudarlo a moverse por nuestros Sitios Web y a usar sus caracter\u00edsticas, como acceder a \u00e1reas seguras de los Sitios Web o usar la cesta de compras.<\/span><\/p>\n<p><span style=\"font-weight: 400;\">Por ejemplo, podremos usar Cookies estrictamente necesarias para:<\/span><\/p>\n<ul>\n<li style=\"font-weight: 400;\" aria-level=\"1\"><span style=\"font-weight: 400;\">recordar los bienes y servicios que seleccion\u00f3 cuando llegue a la p\u00e1gina de pago;<\/span><\/li>\n<li style=\"font-weight: 400;\" aria-level=\"1\"><span style=\"font-weight: 400;\">identificarlo como usuario que ha iniciado sesi\u00f3n en los Sitios Web;<\/span><\/li>\n<li style=\"font-weight: 400;\" aria-level=\"1\"><span style=\"font-weight: 400;\">proporcionar acceso a \u00e1reas protegidas de un Sitio web;<\/span><\/li>\n<li style=\"font-weight: 400;\" aria-level=\"1\"><span style=\"font-weight: 400;\">recordar el texto ingresado anteriormente para que no se pierda si la p\u00e1gina se actualiza.<\/span><\/li>\n<\/ul>\n<\/td>\n<\/tr>\n<tr>\n<td>\n<p><span style=\"font-weight: 400;\">Cookies de rendimiento<\/span><\/p>\n<\/td>\n<td>\n<p><span style=\"font-weight: 400;\">Las Cookies de rendimiento simplemente nos ayudan a mejorar la forma en que funcionan nuestros Sitios Web. Utilizaremos estas Cookies para analizar c\u00f3mo nuestros visitantes utilizan nuestros Sitios Web y para monitorear el rendimiento de nuestro sitio. Estas Cookies nos dicen c\u00f3mo las personas usan cada p\u00e1gina, cu\u00e1les se ven con mayor frecuencia o si se produjeron errores. Esto nos permite proporcionar una experiencia de alta calidad e identificar r\u00e1pidamente y luego solucionar cualquier problema que surja.<\/span><\/p>\n<p><span style=\"font-weight: 400;\">Por ejemplo, podremos usar las Cookies de rendimiento necesarias para:<\/span><\/p>\n<ul>\n<li style=\"font-weight: 400;\" aria-level=\"1\"><span style=\"font-weight: 400;\">conservar las preferencias para ver qu\u00e9 m\u00e9todo de vinculaci\u00f3n entre p\u00e1ginas es m\u00e1s efectivo;<\/span><\/li>\n<li style=\"font-weight: 400;\" aria-level=\"1\"><span style=\"font-weight: 400;\">habilitar an\u00e1lisis web para proporcionar estad\u00edsticas an\u00f3nimas sobre c\u00f3mo se utilizan nuestros Sitios Web;<\/span><\/li>\n<li style=\"font-weight: 400;\" aria-level=\"1\"><span style=\"font-weight: 400;\">ayudar con la gesti\u00f3n de errores para ayudarnos a mejorar los Sitios Web midiendo cualquier error que ocurra;<\/span><\/li>\n<li style=\"font-weight: 400;\" aria-level=\"1\"><span style=\"font-weight: 400;\">monitorear las tasas de respuesta de anuncios y determinar la efectividad de nuestros anuncios.<\/span><\/li>\n<\/ul>\n<\/td>\n<\/tr>\n<tr>\n<td>\n<p><span style=\"font-weight: 400;\">Cookies de funcionalidad<\/span><\/p>\n<\/td>\n<td>\n<p><span style=\"font-weight: 400;\">Utilizaremos Cookies de funcionalidad para poder recordar sus preferencias. Por ejemplo, podremos usar Cookies de funcionalidad para:<\/span><\/p>\n<ul>\n<li style=\"font-weight: 400;\" aria-level=\"1\"><span style=\"font-weight: 400;\">recordar las configuraciones que ha aplicado, como dise\u00f1o, colores, tama\u00f1os de fuente y fondos de p\u00e1gina;<\/span><\/li>\n<li style=\"font-weight: 400;\" aria-level=\"1\"><span style=\"font-weight: 400;\">recordar si ya le hemos preguntado si desea completar una encuesta;<\/span><\/li>\n<li style=\"font-weight: 400;\" aria-level=\"1\"><span style=\"font-weight: 400;\">detectar si ya ha visto una ventana emergente para asegurarse de que no se le vuelva a mostrar;<\/span><\/li>\n<li style=\"font-weight: 400;\" aria-level=\"1\"><span style=\"font-weight: 400;\">procesar una solicitud de un usuario para enviar un comentario, blog o publicaci\u00f3n en un foro.<\/span><\/li>\n<\/ul>\n<\/td>\n<\/tr>\n<tr>\n<td>\n<p><span style=\"font-weight: 400;\">Cookies de selecci\u00f3n<\/span><\/p>\n<\/td>\n<td>\n<p><span style=\"font-weight: 400;\">Las Cookies de selecci\u00f3n ayudan a GetSmarter a asegurarse de que los anuncios que ve en nuestros Sitios Web sean relevantes para usted y sus intereses. Las Cookies de selecci\u00f3n, que recuerdan que ha visitado el sitio para proporcionarle anuncios m\u00e1s relevantes para usted, tambi\u00e9n pueden ser colocadas en su dispositivo por nuestros proveedores de servicios externos. Podremos utilizar las Cookies de selecci\u00f3n para:<\/span><\/p>\n<ul>\n<li style=\"font-weight: 400;\" aria-level=\"1\"><span style=\"font-weight: 400;\">recopilar informaci\u00f3n sobre los h\u00e1bitos del navegador para dirigir la publicidad;<\/span><\/li>\n<li style=\"font-weight: 400;\" aria-level=\"1\"><span style=\"font-weight: 400;\">recopilar informaci\u00f3n sobre los h\u00e1bitos del navegador para dirigir el contenido del sitio;<\/span><\/li>\n<li style=\"font-weight: 400;\" aria-level=\"1\"><span style=\"font-weight: 400;\">proporcionar enlaces a redes sociales;<\/span><\/li>\n<li style=\"font-weight: 400;\" aria-level=\"1\"><span style=\"font-weight: 400;\">proporcionar a las agencias de publicidad informaci\u00f3n sobre su visita para que puedan presentarle anuncios que puedan interesarle.<\/span><\/li>\n<\/ul>\n<\/td>\n<\/tr>\n<\/tbody>\n<\/table>\n<p><span style=\"font-weight: 400;\">Muchas de las Cookies colocadas en nuestros Sitios Web son Cookies de sesi\u00f3n, mientras que otras son Cookies persistentes, y algunas son Cookies \u201cde origen\u201d, mientras que otras son Cookies \u201cde terceros\u201d.<\/span><\/p>\n<ul>\n<li style=\"font-weight: 400;\" aria-level=\"1\"><b>Las Cookies de Origen<\/b><span style=\"font-weight: 400;\"> son las que crea un sitio que el usuario visita en ese momento (p.\u00a0ej., Cookies colocadas por <\/span><a href=\"https:\/\/www.getsmarter.com\/\" target=\"_blank\" rel=\"noopener\"><span style=\"font-weight: 400;\">www.getsmarter.com<\/span><\/a><span style=\"font-weight: 400;\">).<\/span><\/li>\n<li style=\"font-weight: 400;\" aria-level=\"1\"><b>Las Cookies de Terceros<\/b><span style=\"font-weight: 400;\">\u00a0son Cookies que son configuradas por un dominio que no es el del sitio que visita el usuario. Si un usuario visita un sitio y se activa una cookie establecida en ese sitio por un tercero, la cookie transferir\u00e1 informaci\u00f3n al navegador web del usuario, donde podr\u00eda almacenarse o enviarse con la siguiente solicitud al mismo servidor. Las cookies que se env\u00edan a trav\u00e9s de estos componentes de terceros se denominan cookies de terceros y se utilizan principalmente con fines de publicidad y seguimiento en la web.<\/span><\/li>\n<li style=\"font-weight: 400;\" aria-level=\"1\"><b>Las Cookies Persistentes<\/b><span style=\"font-weight: 400;\">\u00a0son Cookies que permanecen en el dispositivo de un usuario durante el per\u00edodo de tiempo especificado en la Cookie. Se activan cada vez que el usuario visita el sitio que cre\u00f3 esa Cookie en particular.<\/span><\/li>\n<li style=\"font-weight: 400;\" aria-level=\"1\"><b>Cookies de Sesi\u00f3n<\/b><span style=\"font-weight: 400;\">\u00a0son Cookies que les permiten a los operadores de Sitios Web vincular las acciones de un usuario durante una sesi\u00f3n del navegador. Una sesi\u00f3n del navegador comienza cuando un usuario abre la ventana del navegador y finaliza cuando cierra la ventana del navegador. Las Cookies de Sesi\u00f3n se crean temporalmente. Una vez que cierra el navegador, se eliminan todas las Cookies de Sesi\u00f3n.<\/span><\/li>\n<li style=\"font-weight: 400;\" aria-level=\"1\"><b>Cookies de Google Analytics.<\/b><span style=\"font-weight: 400;\"> Nuestros Sitios Web utilizan Cookies de Google Analytics, que supervisan los niveles de tr\u00e1fico, las consultas de b\u00fasqueda y las visitas a nuestros Sitios Web. Estas Cookies le permiten a Google determinar si usted es un visitante recurrente del sitio y rastrear las p\u00e1ginas que visita durante su sesi\u00f3n. Para obtener m\u00e1s informaci\u00f3n sobre las Cookies de Google Analytics, consulte la\u00a0<\/span><a href=\"https:\/\/policies.google.com\/privacy?hl=en\" target=\"_blank\" rel=\"noopener\"><span style=\"font-weight: 400;\">Pol\u00edtica de Privacidad de Google<\/span><\/a><span style=\"font-weight: 400;\">. Google ha desarrollado el complemento de exclusi\u00f3n de Google Analytics para navegadores para Google Analytics JavaScript (ga.js, analytics.js, dc.js). Si desea excluirse de Google Analytics, puede descargar e instalar\u00a0<\/span><a href=\"https:\/\/tools.google.com\/dlpage\/gaoptout?hl=en\" target=\"_blank\" rel=\"noopener\"><span style=\"font-weight: 400;\">el complemento de Google para su navegador web<\/span><\/a><span style=\"font-weight: 400;\">.<\/span><\/li>\n<li style=\"font-weight: 400;\" aria-level=\"1\"><b>Anuncios en Facebook.<\/b><span style=\"font-weight: 400;\"> Utilizamos Facebook para comercializar nuestros servicios, realizar un seguimiento de los eventos de conversi\u00f3n e identificar audiencias para nuestros programas y productos. Usted puede controlar si ve anuncios basados en su actividad fuera de Facebook, a trav\u00e9s de \u201cDatos de socios sobre tu actividad \u201d en sus <\/span><span style=\"font-weight: 400;\">Preferencias de anuncios <\/span><a href=\"https:\/\/www.facebook.com\/help\/247395082112892\" target=\"_blank\" rel=\"noopener\"><span style=\"font-weight: 400;\">de Facebook<\/span><\/a><span style=\"font-weight: 400;\">. Para obtener m\u00e1s informaci\u00f3n, consulte la <\/span><a href=\"https:\/\/www.facebook.com\/help\/568137493302217?helpref=faq_content\" target=\"_blank\" rel=\"noopener\"><span style=\"font-weight: 400;\">p\u00e1gina de ayuda de Facebook<\/span><\/a><span style=\"font-weight: 400;\">.<\/span><\/li>\n<\/ul>\n<h2 id=\"six\">4. Preguntas\/Cont\u00e1ctenos<\/h2>\n<p><span style=\"font-weight: 400;\">Si tiene alguna pregunta o inquietud con respecto a esta Pol\u00edtica de Cookies, comun\u00edquese con nosotros a <\/span><a href=\"mailto:privacy@getsmarter.com\" target=\"_blank\" rel=\"noopener\"><span style=\"font-weight: 400;\">privacy@getsmarter.com<\/span><\/a><span style=\"font-weight: 400;\">.<\/span><\/p>\n","protected":false},"excerpt":{"rendered":"<p>Fecha de la \u00faltima modificaci\u00f3n: Julio 2021 Lea atentamente lo siguiente para comprender c\u00f3mo GetSmarter (\u201cGetSmarter\u201d, \u201cnosotros\u201d o las inflexiones de primera persona del plural que correspondan), compa\u00f1\u00eda de propiedad y operada por 2U, Inc., utiliza Cookies y otras tecnolog\u00edas de seguimiento cuando usted visita GetSmarter.com y los sitios web, las aplicaciones y los entornos [&hellip;]<\/p>\n","protected":false},"author":74,"featured_media":0,"parent":0,"menu_order":0,"comment_status":"closed","ping_status":"closed","template":"","meta":{"_acf_changed":false,"inline_featured_image":false,"footnotes":""},"class_list":["post-42016","page","type-page","status-publish","hentry"],"acf":[],"yoast_head":"<!-- This site is optimized with the Yoast SEO Premium plugin v27.4 (Yoast SEO v27.4) - https:\/\/yoast.com\/product\/yoast-seo-premium-wordpress\/ -->\n<title>Pol\u00edtica de Cookies de GetSmarter - GetSmarter Blog<\/title>\n<meta name=\"robots\" content=\"index, follow, max-snippet:-1, max-image-preview:large, max-video-preview:-1\" \/>\n<link rel=\"canonical\" href=\"https:\/\/www.getsmarter.com\/blog\/cookie-policy-spanish\/\" \/>\n<meta property=\"og:locale\" content=\"en_US\" \/>\n<meta property=\"og:type\" content=\"article\" \/>\n<meta property=\"og:title\" content=\"Pol\u00edtica de Cookies de GetSmarter\" \/>\n<meta property=\"og:description\" content=\"Fecha de la \u00faltima modificaci\u00f3n: Julio 2021 Lea atentamente lo siguiente para comprender c\u00f3mo GetSmarter (\u201cGetSmarter\u201d, \u201cnosotros\u201d o las inflexiones de primera persona del plural que correspondan), compa\u00f1\u00eda de propiedad y operada por 2U, Inc., utiliza Cookies y otras tecnolog\u00edas de seguimiento cuando usted visita GetSmarter.com y los sitios web, las aplicaciones y los entornos [&hellip;]\" \/>\n<meta property=\"og:url\" content=\"https:\/\/www.getsmarter.com\/blog\/cookie-policy-spanish\/\" \/>\n<meta property=\"og:site_name\" content=\"GetSmarter Blog\" \/>\n<meta property=\"article:modified_time\" content=\"2021-09-16T10:40:21+00:00\" \/>\n<meta name=\"twitter:card\" content=\"summary_large_image\" \/>\n<meta name=\"twitter:label1\" content=\"Est. reading time\" \/>\n\t<meta name=\"twitter:data1\" content=\"9 minutes\" \/>\n<script type=\"application\/ld+json\" class=\"yoast-schema-graph\">{\"@context\":\"https:\\\/\\\/schema.org\",\"@graph\":[{\"@type\":\"BreadcrumbList\",\"@id\":\"https:\\\/\\\/www.getsmarter.com\\\/blog\\\/cookie-policy-spanish\\\/#breadcrumb\",\"itemListElement\":[{\"@type\":\"ListItem\",\"position\":1,\"name\":\"Home\",\"item\":\"https:\\\/\\\/www.getsmarter.com\"},{\"@type\":\"ListItem\",\"position\":2,\"name\":\"Blog\",\"item\":\"https:\\\/\\\/www.getsmarter.com\\\/blog\"}]}]}<\/script>\n<!-- \/ Yoast SEO Premium plugin. -->","yoast_head_json":{"title":"Pol\u00edtica de Cookies de GetSmarter - GetSmarter Blog","robots":{"index":"index","follow":"follow","max-snippet":"max-snippet:-1","max-image-preview":"max-image-preview:large","max-video-preview":"max-video-preview:-1"},"canonical":"https:\/\/www.getsmarter.com\/blog\/cookie-policy-spanish\/","og_locale":"en_US","og_type":"article","og_title":"Pol\u00edtica de Cookies de GetSmarter","og_description":"Fecha de la \u00faltima modificaci\u00f3n: Julio 2021 Lea atentamente lo siguiente para comprender c\u00f3mo GetSmarter (\u201cGetSmarter\u201d, \u201cnosotros\u201d o las inflexiones de primera persona del plural que correspondan), compa\u00f1\u00eda de propiedad y operada por 2U, Inc., utiliza Cookies y otras tecnolog\u00edas de seguimiento cuando usted visita GetSmarter.com y los sitios web, las aplicaciones y los entornos [&hellip;]","og_url":"https:\/\/www.getsmarter.com\/blog\/cookie-policy-spanish\/","og_site_name":"GetSmarter Blog","article_modified_time":"2021-09-16T10:40:21+00:00","twitter_card":"summary_large_image","twitter_misc":{"Est. reading time":"9 minutes"},"schema":{"@context":"https:\/\/schema.org","@graph":[{"@type":"BreadcrumbList","@id":"https:\/\/www.getsmarter.com\/blog\/cookie-policy-spanish\/#breadcrumb","itemListElement":[{"@type":"ListItem","position":1,"name":"Home","item":"https:\/\/www.getsmarter.com"},{"@type":"ListItem","position":2,"name":"Blog","item":"https:\/\/www.getsmarter.com\/blog"}]}]}},"_links":{"self":[{"href":"https:\/\/www.getsmarter.com\/blog\/wp-json\/wp\/v2\/pages\/42016","targetHints":{"allow":["GET"]}}],"collection":[{"href":"https:\/\/www.getsmarter.com\/blog\/wp-json\/wp\/v2\/pages"}],"about":[{"href":"https:\/\/www.getsmarter.com\/blog\/wp-json\/wp\/v2\/types\/page"}],"author":[{"embeddable":true,"href":"https:\/\/www.getsmarter.com\/blog\/wp-json\/wp\/v2\/users\/74"}],"replies":[{"embeddable":true,"href":"https:\/\/www.getsmarter.com\/blog\/wp-json\/wp\/v2\/comments?post=42016"}],"version-history":[{"count":7,"href":"https:\/\/www.getsmarter.com\/blog\/wp-json\/wp\/v2\/pages\/42016\/revisions"}],"predecessor-version":[{"id":47422,"href":"https:\/\/www.getsmarter.com\/blog\/wp-json\/wp\/v2\/pages\/42016\/revisions\/47422"}],"wp:attachment":[{"href":"https:\/\/www.getsmarter.com\/blog\/wp-json\/wp\/v2\/media?parent=42016"}],"curies":[{"name":"wp","href":"https:\/\/api.w.org\/{rel}","templated":true}]}}